{"id":1770,"date":"2022-02-22T14:54:15","date_gmt":"2022-02-22T14:54:15","guid":{"rendered":"https:\/\/swepp.org\/leistung\/?page_id=1770"},"modified":"2022-02-22T15:00:10","modified_gmt":"2022-02-22T15:00:10","slug":"datenschutz","status":"publish","type":"page","link":"https:\/\/swepp.org\/leistung\/datenschutz\/","title":{"rendered":"Datenschutz"},"content":{"rendered":"\t\t<div data-elementor-type=\"wp-page\" data-elementor-id=\"1770\" class=\"elementor elementor-1770\" data-elementor-post-type=\"page\">\n\t\t\t\t\t\t<section class=\"elementor-section elementor-top-section elementor-element elementor-element-281dd8e elementor-section-boxed elementor-section-height-default elementor-section-height-default\" data-id=\"281dd8e\" data-element_type=\"section\" data-e-type=\"section\">\n\t\t\t\t\t\t<div class=\"elementor-container elementor-column-gap-default\">\n\t\t\t\t\t<div class=\"elementor-column elementor-col-100 elementor-top-column elementor-element elementor-element-e9790bd\" data-id=\"e9790bd\" data-element_type=\"column\" data-e-type=\"column\">\n\t\t\t<div class=\"elementor-widget-wrap elementor-element-populated\">\n\t\t\t\t\t\t<div class=\"elementor-element elementor-element-f2b7bd5 elementor-widget elementor-widget-text-editor\" data-id=\"f2b7bd5\" data-element_type=\"widget\" data-e-type=\"widget\" data-widget_type=\"text-editor.default\">\n\t\t\t\t<div class=\"elementor-widget-container\">\n\t\t\t\t\t\t\t\t\t<h1>Datenschutzerkl\u00e4rung<\/h1>\n<p><strong>I. Name und Anschrift des Verantwortlichen<\/strong><\/p>\n<p>Verantwortliche Stelle im Sinne des Datenschutzrechts ist die:<\/p>\n<p>swepp GmbH<br>System &amp; Web Applications<br>Kaiserin-Augusta-Allee 113<br>10553 Berlin<\/p>\n<p>Tel.: +49 (0) 30 &#8211; 25 32 42 75<br>Fax: +49 (0) 30 &#8211; 25 32 42 77<\/p>\n<p>E-Mail: info@swepp.eu<\/p>\n<p><strong>II. Allgemeines zur Datenverarbeitung<\/strong><\/p>\n<p><b>Personenbezogene Daten<\/b><br>Personenbezogene Daten sind alle Informationen, die sich auf eine identifizierte oder identifizierbare nat\u00fcrliche Person beziehen (Art.4 Nr.1 DSGVO). Hierzu geh\u00f6ren Daten, die Sie uns bei Nutzung unserer Website mitteilen, wie z.B. Ihre Adressdaten, Registrierungsdaten, Telekommunikationsdaten aber auch Daten, die bei Nutzung unserer Website automatisch erhoben werden, wie z.B. Ihre IP-Adresse.<\/p>\n<p><strong>Umfang der Verarbeitung personenbezogener Daten<\/strong><br>Grunds\u00e4tzlich steht unsere Internetseite allen Nutzern zur Verf\u00fcgung, ohne dass pers\u00f6nliche Daten erhoben werden. Personenbezogene Daten werden ausschlie\u00dflich in dem Umfang abgefragt, verarbeitet und genutzt, in dem es erforderlich ist, um von Ihnen abgefragte Leistungen zu erbringen oder Inhalte bereitzustellen.<\/p>\n<p><strong>Rechtsgrundlage f\u00fcr die Verarbeitung personenbezogener Daten<\/strong><br>Soweit wir f\u00fcr Verarbeitungsvorg\u00e4nge personenbezogener Daten eine Einwilligung der betroffenen Person einholen, dient Art. 6 Abs. 1 lit. a EU-Datenschutzgrundverordnung (DSGVO) als Rechtsgrundlage.<br>Bei der Verarbeitung von personenbezogenen Daten, die zur Erf\u00fcllung eines Vertrages, dessen Vertragspartei die betroffene Person ist, erforderlich ist, dient Art. 6 Abs. 1 lit. b DSGVO als Rechtsgrundlage. Dies gilt auch f\u00fcr Verarbeitungsvorg\u00e4nge, die zur Durchf\u00fchrung vorvertraglicher Ma\u00dfnahmen erforderlich sind.<\/p>\n<p><strong>Datenl\u00f6schung und Speicherdauer<\/strong><br>Die personenbezogenen Daten der betroffenen Person werden gel\u00f6scht oder gesperrt, sobald der Zweck der Speicherung entf\u00e4llt. Eine Speicherung kann dar\u00fcber hinaus erfolgen, wenn dies durch den europ\u00e4ischen oder nationalen Gesetzgeber in unionsrechtlichen Verordnungen, Gesetzen oder sonstigen Vorschriften, denen der Verantwortliche unterliegt, vorgesehen wurde. Eine Sperrung oder L\u00f6schung der Daten erfolgt auch dann, wenn eine durch die genannten Normen vorgeschriebene Speicherfrist abl\u00e4uft, es sei denn, dass eine Erforderlichkeit zur weiteren Speicherung der Daten f\u00fcr einen Vertragsabschluss oder eine Vertragserf\u00fcllung besteht.<\/p>\n<p><\/p>\n<p><strong>III. Bereitstellung der Website und Erstellung von Logfiles<\/strong><\/p>\n<p>Bei jedem Aufruf unserer Internetseite erfasst unser System gem\u00e4\u00df Art. 6 Abs. 1 lit. f DSGVO automatisiert Daten und Informationen vom Computersystem des aufrufenden Rechners.<\/p>\n<p>Folgende Daten werden hierbei erhoben:<br>(1) Informationen \u00fcber den Browsertyp und die verwendete Version<br>(2) Das Betriebssystem des Nutzers<br>(3) Den Internet-Service-Provider des Nutzers<br>(4) Die IP-Adresse des Nutzers<br>(5) Datum und Uhrzeit des Zugriffs<br>(6) Websites, von denen das System des Nutzers auf unsere Internetseite gelangt<br>(7) Websites, die vom System des Nutzers \u00fcber unsere Website aufgerufen werden<\/p>\n<p>Die Daten werden ebenfalls in den Logfiles unseres Systems gespeichert. Nicht hiervon betroffen sind die IP-Adressen des Nutzers oder andere Daten, die die Zuordnung der Daten zu einem Nutzer erm\u00f6glichen. Eine Speicherung dieser Daten zusammen mit anderen personenbezogenen Daten des Nutzers findet nicht statt.<\/p>\n<p>Die vor\u00fcbergehende Speicherung der IP-Adresse durch das System ist notwendig, um eine Auslieferung der Website an den Rechner des Nutzers zu erm\u00f6glichen. Hierf\u00fcr muss die IP-Adresse des Nutzers f\u00fcr die Dauer der Sitzung gespeichert bleiben.<\/p>\n<p>Die Daten werden gel\u00f6scht, sobald sie f\u00fcr die Erreichung des Zweckes ihrer Erhebung nicht mehr erforderlich sind. Im Falle der Erfassung der Daten zur Bereitstellung der Website ist dies der Fall, wenn die jeweilige Sitzung beendet ist.<\/p>\n<p>Die Erfassung der Daten zur Bereitstellung der Website und die Speicherung der Daten in Logfiles ist f\u00fcr den Betrieb der Internetseite zwingend erforderlich. Es besteht folglich seitens des Nutzers keine Widerspruchsm\u00f6glichkeit.<\/p>\n<p><\/p>\n<p><strong>IV. Verwendung von Cookies<\/strong><\/p>\n<p>Unsere Webseite verwendet Cookies. Bei Cookies handelt es sich um Textdateien, die im Internetbrowser bzw. vom Internetbrowser auf dem Computersystem des Nutzers gem\u00e4\u00df Art. 6 Abs. 1 lit. f DSGVO gespeichert werden. Ruft ein Nutzer eine Website auf, so kann ein Cookie auf dem Betriebssystem des Nutzers gespeichert werden. Dieser Cookie enth\u00e4lt eine charakteristische Zeichenfolge, die eine eindeutige Identifizierung des Browsers beim erneuten Aufrufen der Website erm\u00f6glicht.<\/p>\n<p>Der Zweck der Verwendung technisch notwendiger Cookies ist, die Nutzung von Websites f\u00fcr die Nutzer zu vereinfachen. Einige Funktionen unserer Internetseite k\u00f6nnen ohne den Einsatz von Cookies nicht angeboten werden. F\u00fcr diese ist es erforderlich, dass der Browser auch nach einem Seitenwechsel wiedererkannt wird.<\/p>\n<p>Die durch technisch notwendige Cookies erhobenen Nutzerdaten werden nicht zur Erstellung von Nutzerprofilen verwendet. Cookies werden auf dem Rechner des Nutzers gespeichert und von diesem an unserer Seite \u00fcbermittelt. Daher haben Sie als Nutzer auch die volle Kontrolle \u00fcber die Verwendung von Cookies. Durch eine \u00c4nderung der Einstellungen in Ihrem Internetbrowser k\u00f6nnen Sie die \u00dcbertragung von Cookies deaktivieren oder einschr\u00e4nken. Bereits gespeicherte Cookies k\u00f6nnen jederzeit gel\u00f6scht werden. Dies kann auch automatisiert erfolgen. Werden Cookies f\u00fcr unsere Website deaktiviert, k\u00f6nnen m\u00f6glicherweise nicht mehr alle Funktionen der Website vollumf\u00e4nglich genutzt werden.<\/p>\n<p><\/p>\n<p><strong>V. Verwendung von Google Analytics<\/strong><\/p>\n<p>Diese Website benutzt Google Analytics, einen Webanalysedienst der Google Inc. (&#8222;Google&#8220;). Google Analytics verwendet sog. &#8222;Cookies&#8220;, Textdateien, die auf Ihrem Computer gespeichert werden und die eine Analyse der Benutzung der Website durch Sie erm\u00f6glichen. Die durch den Cookie erzeugten Informationen \u00fcber Ihre Benutzung dieser Website werden in der Regel an einen Server von Google in den USA \u00fcbertragen und dort gespeichert. Die IP-Adressen der Besucher dieser Website werden jedoch, sobald es technisch m\u00f6glich ist, vor dem Speichern oder der Analyse gek\u00fcrzt und dadurch anonymisiert. Die Anonymisierung erfolgt innerhalb der Europ\u00e4ischen Union oder innerhalb des Europ\u00e4ischen Wirtschaftsraums. Nur in Ausnahmef\u00e4llen wird die volle IP-Adresse an einen Server von Google in den USA \u00fcbertragen und dort gek\u00fcrzt.<\/p>\n<p>Im Auftrag des Betreibers dieser Website wird Google diese Informationen benutzen, um Ihre Nutzung der Website auszuwerten, um Reports \u00fcber die Websiteaktivit\u00e4ten zusammenzustellen und um weitere mit der Websitenutzung und der Internetnutzung verbundene Dienstleistungen gegen\u00fcber dem Websitebetreiber zu erbringen. Die im Rahmen von Google Analytics von Ihrem Browser \u00fcbermittelte IP-Adresse wird nicht mit anderen Daten von Google zusammengef\u00fchrt. Sie k\u00f6nnen die Speicherung der Cookies durch eine entsprechende Einstellung Ihrer Browser-Software verhindern; wir weisen Sie jedoch darauf hin, dass Sie in diesem Fall gegebenenfalls nicht s\u00e4mtliche Funktionen dieser Website vollumf\u00e4nglich werden nutzen k\u00f6nnen. Sie k\u00f6nnen dar\u00fcber hinaus die Erfassung der durch das Cookie erzeugten und auf Ihre Nutzung der Website bezogenen Daten (inkl. Ihrer IP-Adresse) an Google sowie die Verarbeitung dieser Daten durch Google verhindern.<a href=\"https:\/\/tools.google.com\/dlpage\/gaoptout?hl=de\"><br><\/a><\/p>\n<p><\/p>\n<p><strong>VI. Kontaktformular und E-Mail-Kontakt<\/strong><\/p>\n<p>Treten Sie per E-Mail oder Kontaktformular mit uns in Verbindung, so speichern wir Ihre diesbez\u00fcglichen Angaben (Pflichtfelder des Kontaktformulars: Name, E-Mail-Adresse, Telefon, Betreff, Freitextfeld) basierend auf Art. 6 Abs. 1 lit. a DS-GVO zur Bearbeitung der Anfrage sowie f\u00fcr m\u00f6gliche Anschlussfragen. Zielt der E-Mail-\/Formular-Kontakt auf den Abschluss eines Vertrages ab, so ist zus\u00e4tzliche Rechtsgrundlage f\u00fcr die Verarbeitung Art. 6 Abs. 1 lit. b DSGVO.<\/p>\n<p>Wir weisen Sie darauf hin, dass Nachrichten, die Sie uns \u00fcber unsere Webseite per E-Mail senden, unverschl\u00fcsselt an uns geleitet werden. Bitte beachten Sie, dass diese unter Umst\u00e4nden beim Transport durch das weltweite Internet von Dritten gelesen, eventuell sogar verf\u00e4lscht werden k\u00f6nnen. Bei vertraulichen Nachrichten empfehlen wir Ihnen daher, den Postweg zu nutzen.<\/p>\n<p>Im Zeitpunkt der Absendung der Nachricht werden zudem folgende Daten zur Verhinderung von Missbrauch und zur Sicherstellung der Sicherheit unserer informationstechnischen Systeme gespeichert:<br>(1) Die IP-Adresse des Nutzers<br>(2) Datum und Uhrzeit der Registrierung<\/p>\n<p>Es erfolgt in diesem Zusammenhang keine Weitergabe der Daten an Dritte. Die Daten werden ausschlie\u00dflich f\u00fcr die Verarbeitung der Konversation verwendet.<\/p>\n<p>Die gespeicherten Daten werden gel\u00f6scht, sobald sie f\u00fcr die Erreichung des Zweckes ihrer Erhebung nicht mehr erforderlich sind. F\u00fcr die personenbezogenen Daten aus der Eingabemaske des Kontaktformulars und diejenigen, die per E-Mail \u00fcbersandt wurden, ist dies dann der Fall, wenn die jeweilige Konversation mit dem Nutzer beendet ist. Beendet ist die Konversation dann, wenn sich aus den Umst\u00e4nden entnehmen l\u00e4sst, dass der betroffene Sachverhalt abschlie\u00dfend gekl\u00e4rt ist. Die w\u00e4hrend des Absendevorgangs zus\u00e4tzlich erhobenen personenbezogenen Daten werden automatisiert gel\u00f6scht.<\/p>\n<p><\/p>\n<p><strong>VII. Betrieb des Mandantenportals advoport \u00ae<\/strong><\/p>\n<p>Die swepp GmbH betreibt&nbsp;<strong>advoport\u00ae<\/strong>&nbsp;&#8211; das Gateway zum Anwalt.&nbsp;<strong>advoport\u00ae<\/strong>&nbsp;speichert und verarbeitet Informationen, die unsere Kunden \u00fcber eine gesicherte Datenschnittstelle aus Ihrer Kanzleisoftware an unsere Datenbank \u00fcbermitteln.&nbsp;<strong>advoport\u00ae<\/strong>&nbsp;ist ein Onlineinformationssystem, das den Mandanten unserer Kunden rund um die Uhr ssl-verschl\u00fcsselte Informationen zu laufenden und abgeschlossenen Rechtsangelegenheiten zur Verf\u00fcgung stellt und die M\u00f6glichkeit bietet, Daten und Informationen gesichert elektronisch auszutauschen sowie Nutzerdaten des Mandanten (Name, Vorname, E-Mail Adresse) und eine automatische Benachrichtigungsfunktion zu verwalten.<\/p>\n<p>F\u00fcr die Nutzung von&nbsp;<strong>advoport\u00ae<\/strong>&nbsp;erhalten die berechtigten Nutzer unserer Kunden pers\u00f6nliche Zugangsdaten. Diese Pers\u00f6nlichen Zugangsdaten sind vertraulich zu behandeln und keinem unbefugten Dritten zug\u00e4nglich zu machen. Wir k\u00f6nnen keine Haftung f\u00fcr missbr\u00e4uchlich verwendete Passw\u00f6rter \u00fcbernehmen, es sei denn, wir h\u00e4tten den Missbrauch zu vertreten.<\/p>\n<p>Zur eindeutigen Identifizierung eines Nutzers setzt&nbsp;<strong>advoport\u00ae<\/strong>&nbsp;einen Cookie im Browser des Nutzers. Nur mit Setzung des Cookies wird die Anzeige benutzerbezogener Daten und Informationen durch&nbsp;<strong>advoport\u00ae<\/strong>&nbsp;erm\u00f6glicht. Dieser Cookie enth\u00e4lt eine charakteristische Zeichenfolge, die eine eindeutige Identifizierung des Browsers auch nach einem Seitenwechsel erm\u00f6glicht.<\/p>\n<p>Durch eine \u00c4nderung der Einstellungen in Ihrem Internetbrowser k\u00f6nnen Sie jederzeit die \u00dcbertragung von Cookies deaktivieren oder einschr\u00e4nken. Bereits gespeicherte Cookies k\u00f6nnen jederzeit gel\u00f6scht werden. Dies kann auch automatisiert erfolgen. Werden Cookies f\u00fcr&nbsp;<strong>advoport\u00ae<\/strong>&nbsp;deaktiviert, ist das Onlineinformationssystem nicht mehr nutzbar.<\/p>\n<p>Die Nutzerdaten werden auf IT-Systemen des Anbieters verwaltet und gesichert. Um den ordnungsgem\u00e4\u00dfen und kundenfreundlichen Betrieb zu gew\u00e4hrleisten, werden ausschlie\u00dflich die hierf\u00fcr notwendigen Daten verschl\u00fcsselt in unserem Websystem gespeichert. Zur Sicherung des Webbetriebes arbeiten wir mit Auftragsverarbeitern zusammen. Die damit verbundene Datenverarbeitung ist datenschutzrechtlich gem\u00e4\u00df den europ\u00e4ischen Datenschutzregelungen abgesichert.<\/p>\n<p><\/p>\n<p><strong>VIII. Links zu Webseiten anderer Anbieter\/ Dritten<\/strong><\/p>\n<p>Unsere Webseiten k\u00f6nnen Links zu Webseiten anderer Anbieter enthalten. Wir weisen darauf hin, dass diese Datenschutzerkl\u00e4rung ausschlie\u00dflich f\u00fcr die Webseiten der BPS Forderungsmanagement GmbH \/ swepp GmbH gilt. Wir haben keinen Einfluss darauf und kontrollieren nicht, dass andere Anbieter\/Dritte die geltenden Datenschutzbestimmungen einhalten.<\/p>\n<p><\/p>\n<p><strong>IX. Rechte der betroffenen Person auf Auskunft, Berichtigung, Sperre, L\u00f6schung und Widerspruch<\/strong><\/p>\n<p>Wenn Sie Fragen zu Ihren Daten haben, k\u00f6nnen Sie sich jederzeit an uns wenden. Sie haben das Recht, auf Anfrage Auskunft \u00fcber Ihre bei uns gespeicherten Daten zu erhalten. Ferner haben Sie das Recht auf Berichtigung unrichtiger Daten, gegebenenfalls auf Sperrung und, mit Ausnahme von gesetzlich vorgeschriebenen Datenspeicherungen, auf L\u00f6schung.<\/p>\n<p>Als Nutzer haben Sie jederzeit die M\u00f6glichkeit,&nbsp;<strong>Ihre Einwilligung zur Verarbeitung der personenbezogenen Daten zu widerrufen. \u00c4nderungen<\/strong>&nbsp;oder den&nbsp;<strong>Widerruf einer Einwilligung<\/strong>&nbsp;k\u00f6nnen Sie durch entsprechende Mitteilung an<\/p>\n<p><em>swepp GmbH<br>Kaiserin-Augusta-Allee 113<br>10553 Berlin<br>Telefon: +49 (0) 30 &#8211; 25 32 42 75<br>Telefax: +49 (0) 30 &#8211; 25 32 42 77<br>E-Mail info@swepp.eu<br><\/em><\/p>\n<p>mit Wirkung f\u00fcr die Zukunft vornehmen.<\/p>\n<p><\/p>\n<p><strong>X. \u00c4nderung unserer Datenschutzbestimmungen<\/strong><\/p>\n<p>Wir behalten uns vor, diese Datenschutzerkl\u00e4rung gelegentlich anzupassen, damit sie stets den aktuellen rechtlichen Anforderungen entspricht oder um \u00c4nderungen unserer Leistungen in der Datenschutzerkl\u00e4rung umzusetzen, z. B. bei der Einf\u00fchrung neuer Services. F\u00fcr Ihren erneuten Besuch gilt dann die neue Datenschutzerkl\u00e4rung.<\/p>\t\t\t\t\t\t\t\t<\/div>\n\t\t\t\t<\/div>\n\t\t\t\t\t<\/div>\n\t\t<\/div>\n\t\t\t\t\t<\/div>\n\t\t<\/section>\n\t\t\t\t<\/div>\n\t\t","protected":false},"excerpt":{"rendered":"<p>Datenschutzerkl\u00e4rung I. Name und Anschrift des Verantwortlichen Verantwortliche Stelle im Sinne des Datenschutzrechts ist die: swepp GmbH System &amp; Web Applications Kaiserin-Augusta-Allee 113 10553 Berlin Tel.: +49 (0) 30 &#8211; &#8230;<\/p>\n","protected":false},"author":1,"featured_media":0,"parent":0,"menu_order":0,"comment_status":"closed","ping_status":"closed","template":"","meta":{"footnotes":""},"class_list":["post-1770","page","type-page","status-publish","hentry"],"_links":{"self":[{"href":"https:\/\/swepp.org\/leistung\/wp-json\/wp\/v2\/pages\/1770","targetHints":{"allow":["GET"]}}],"collection":[{"href":"https:\/\/swepp.org\/leistung\/wp-json\/wp\/v2\/pages"}],"about":[{"href":"https:\/\/swepp.org\/leistung\/wp-json\/wp\/v2\/types\/page"}],"author":[{"embeddable":true,"href":"https:\/\/swepp.org\/leistung\/wp-json\/wp\/v2\/users\/1"}],"replies":[{"embeddable":true,"href":"https:\/\/swepp.org\/leistung\/wp-json\/wp\/v2\/comments?post=1770"}],"version-history":[{"count":8,"href":"https:\/\/swepp.org\/leistung\/wp-json\/wp\/v2\/pages\/1770\/revisions"}],"predecessor-version":[{"id":1779,"href":"https:\/\/swepp.org\/leistung\/wp-json\/wp\/v2\/pages\/1770\/revisions\/1779"}],"wp:attachment":[{"href":"https:\/\/swepp.org\/leistung\/wp-json\/wp\/v2\/media?parent=1770"}],"curies":[{"name":"wp","href":"https:\/\/api.w.org\/{rel}","templated":true}]}}