{"id":1621,"date":"2020-10-03T16:54:31","date_gmt":"2020-10-03T16:54:31","guid":{"rendered":"https:\/\/swepp.org\/leistung\/?page_id=1621"},"modified":"2020-10-03T17:03:06","modified_gmt":"2020-10-03T17:03:06","slug":"produkte","status":"publish","type":"page","link":"https:\/\/swepp.org\/leistung\/produkte\/","title":{"rendered":"Produkte"},"content":{"rendered":"\t\t<div data-elementor-type=\"wp-page\" data-elementor-id=\"1621\" class=\"elementor elementor-1621\" data-elementor-post-type=\"page\">\n\t\t\t\t\t\t<section class=\"elementor-section elementor-top-section elementor-element elementor-element-7b51e1f elementor-section-boxed elementor-section-height-default elementor-section-height-default\" data-id=\"7b51e1f\" data-element_type=\"section\" data-e-type=\"section\">\n\t\t\t\t\t\t<div class=\"elementor-container elementor-column-gap-default\">\n\t\t\t\t\t<div class=\"elementor-column elementor-col-100 elementor-top-column elementor-element elementor-element-999472a\" data-id=\"999472a\" data-element_type=\"column\" data-e-type=\"column\">\n\t\t\t<div class=\"elementor-widget-wrap elementor-element-populated\">\n\t\t\t\t\t\t<div class=\"elementor-element elementor-element-3ce81bb elementor-widget elementor-widget-image\" data-id=\"3ce81bb\" data-element_type=\"widget\" data-e-type=\"widget\" data-widget_type=\"image.default\">\n\t\t\t\t<div class=\"elementor-widget-container\">\n\t\t\t\t\t\t\t\t\t\t\t\t\t\t\t<img decoding=\"async\" width=\"160\" height=\"60\" src=\"https:\/\/swepp.org\/wp-content\/uploads\/2020\/10\/advoport.jpg\" class=\"attachment-large size-large wp-image-1626\" alt=\"\" \/>\t\t\t\t\t\t\t\t\t\t\t\t\t\t\t<\/div>\n\t\t\t\t<\/div>\n\t\t\t\t\t<\/div>\n\t\t<\/div>\n\t\t\t\t\t<\/div>\n\t\t<\/section>\n\t\t\t\t<section class=\"elementor-section elementor-top-section elementor-element elementor-element-39b082d elementor-section-boxed elementor-section-height-default elementor-section-height-default\" data-id=\"39b082d\" data-element_type=\"section\" data-e-type=\"section\">\n\t\t\t\t\t\t<div class=\"elementor-container elementor-column-gap-default\">\n\t\t\t\t\t<div class=\"elementor-column elementor-col-100 elementor-top-column elementor-element elementor-element-76f0af7\" data-id=\"76f0af7\" data-element_type=\"column\" data-e-type=\"column\">\n\t\t\t<div class=\"elementor-widget-wrap elementor-element-populated\">\n\t\t\t\t\t\t<div class=\"elementor-element elementor-element-7b9aa26 elementor-widget elementor-widget-text-editor\" data-id=\"7b9aa26\" data-element_type=\"widget\" data-e-type=\"widget\" data-widget_type=\"text-editor.default\">\n\t\t\t\t<div class=\"elementor-widget-container\">\n\t\t\t\t\t\t\t\t\t<h1>advoport\u00ae &#8211; das Gateway zum Anwalt<\/h1><p>Im Rahmen der Zusammenarbeit mit der BPS Forderungsmanagement GmbH hat swepp eine innovative M\u00f6glichkeit zur Onlinekommunikation f\u00fcr Rechtsanw\u00e4lte und deren Mandanten entwickelt \u2013 advoport\u00ae \u2013 das Gateway zum Anwalt. Anwaltskanzleien steht mit advoport ein einfach zu bedienendes und \u00e4u\u00dferst effizientes Internetportal zur strukturierten Abbildung der vollst\u00e4ndigen anwaltlichen Kommunikation sowie zur innovativen Pr\u00e4sentation ihrer Kanzlei im Internet zur Verf\u00fcgung.<br \/><br \/>advoport\u00ae ist ein Online-Mandanten- Auskunftsportal, zur interaktiven Kommunikation aller relevanten Informationen und Dokumente via Internet. Angeschlossene Anwaltskanzleien k\u00f6nnen den Portalzugang werbewirksam in Ihre Website integrieren und von der M\u00f6glichkeit profitieren, das Erscheinungsbild von advoport\u00ae zu individualisieren und Ihrer Webumgebung anzupassen.<br \/><br \/>Mit advoport\u00ae lassen Sie Ihre Mandanten an den Vorz\u00fcgen der digitalen Kanzlei teilhaben. Ihre Kanzlei erh\u00e4lt ein Tool zur Qualit\u00e4tssicherung, denn Sie sehen sofort, in welchen Angelegenheiten noch Handlungsbedarf besteht.<br \/><br \/>Steigern Sie die Mandantenbindung durch ein aktuelles Informationswesen und nutzen Sie mit advoport\u00ae aktiv die Chance, sich vom Wettbewerb abzusetzen und sich neue Markteinstiegschancen zu er\u00f6ffnen. Eine kosteng\u00fcnstige Investition, die sich f\u00fcr Sie rechnen wird.<br \/><br \/><strong>Mehr zum Thema advoport\u00ae &#8211; Das Gateway zum Anwalt<\/strong><br \/>&#8211; Weitere Informationen erhalten Sie unter\u00a0<a href=\"http:\/\/www.advoport.eu\/\">www.advoport.eu<\/a>.<br \/>&#8211; Einen Demozugang k\u00f6nnen Sie\u00a0<a href=\"http:\/\/www.advoport.eu\/web\/public\/de_DE\/advoport_online_demo.html\">hier anfordern<\/a>.<\/p>\t\t\t\t\t\t\t\t<\/div>\n\t\t\t\t<\/div>\n\t\t\t\t\t<\/div>\n\t\t<\/div>\n\t\t\t\t\t<\/div>\n\t\t<\/section>\n\t\t\t\t<\/div>\n\t\t","protected":false},"excerpt":{"rendered":"<p>advoport\u00ae &#8211; das Gateway zum Anwalt Im Rahmen der Zusammenarbeit mit der BPS Forderungsmanagement GmbH hat swepp eine innovative M\u00f6glichkeit zur Onlinekommunikation f\u00fcr Rechtsanw\u00e4lte und deren Mandanten entwickelt \u2013 advoport\u00ae &#8230;<\/p>\n","protected":false},"author":1,"featured_media":0,"parent":0,"menu_order":0,"comment_status":"closed","ping_status":"closed","template":"","meta":{"footnotes":""},"class_list":["post-1621","page","type-page","status-publish","hentry"],"_links":{"self":[{"href":"https:\/\/swepp.org\/leistung\/wp-json\/wp\/v2\/pages\/1621","targetHints":{"allow":["GET"]}}],"collection":[{"href":"https:\/\/swepp.org\/leistung\/wp-json\/wp\/v2\/pages"}],"about":[{"href":"https:\/\/swepp.org\/leistung\/wp-json\/wp\/v2\/types\/page"}],"author":[{"embeddable":true,"href":"https:\/\/swepp.org\/leistung\/wp-json\/wp\/v2\/users\/1"}],"replies":[{"embeddable":true,"href":"https:\/\/swepp.org\/leistung\/wp-json\/wp\/v2\/comments?post=1621"}],"version-history":[{"count":2,"href":"https:\/\/swepp.org\/leistung\/wp-json\/wp\/v2\/pages\/1621\/revisions"}],"predecessor-version":[{"id":1627,"href":"https:\/\/swepp.org\/leistung\/wp-json\/wp\/v2\/pages\/1621\/revisions\/1627"}],"wp:attachment":[{"href":"https:\/\/swepp.org\/leistung\/wp-json\/wp\/v2\/media?parent=1621"}],"curies":[{"name":"wp","href":"https:\/\/api.w.org\/{rel}","templated":true}]}}