{"id":1525,"date":"2020-10-02T12:04:58","date_gmt":"2020-10-02T12:04:58","guid":{"rendered":"https:\/\/swepp.org\/?page_id=1525"},"modified":"2022-02-22T15:47:58","modified_gmt":"2022-02-22T15:47:58","slug":"support","status":"publish","type":"page","link":"https:\/\/swepp.org\/leistung\/support\/","title":{"rendered":""},"content":{"rendered":"\t\t<div data-elementor-type=\"wp-page\" data-elementor-id=\"1525\" class=\"elementor elementor-1525\" data-elementor-post-type=\"page\">\n\t\t\t\t\t\t<section class=\"elementor-section elementor-top-section elementor-element elementor-element-a787220 elementor-section-boxed elementor-section-height-default elementor-section-height-default\" data-id=\"a787220\" data-element_type=\"section\" data-e-type=\"section\">\n\t\t\t\t\t\t<div class=\"elementor-container elementor-column-gap-default\">\n\t\t\t\t\t<div class=\"elementor-column elementor-col-33 elementor-top-column elementor-element elementor-element-406416f\" data-id=\"406416f\" data-element_type=\"column\" data-e-type=\"column\">\n\t\t\t<div class=\"elementor-widget-wrap elementor-element-populated\">\n\t\t\t\t\t\t<div class=\"elementor-element elementor-element-fd79b44 elementor-widget elementor-widget-image\" data-id=\"fd79b44\" data-element_type=\"widget\" data-e-type=\"widget\" data-widget_type=\"image.default\">\n\t\t\t\t<div class=\"elementor-widget-container\">\n\t\t\t\t\t\t\t\t\t\t\t\t\t\t\t<img fetchpriority=\"high\" decoding=\"async\" width=\"2560\" height=\"1707\" src=\"https:\/\/swepp.org\/wp-content\/uploads\/2020\/10\/pressfoto-von-freepik-scaled.jpg\" class=\"attachment-full size-full wp-image-1589\" alt=\"\" srcset=\"https:\/\/swepp.org\/wp-content\/uploads\/2020\/10\/pressfoto-von-freepik-scaled.jpg 2560w, https:\/\/swepp.org\/wp-content\/uploads\/2020\/10\/pressfoto-von-freepik-300x200.jpg 300w, https:\/\/swepp.org\/wp-content\/uploads\/2020\/10\/pressfoto-von-freepik-1024x683.jpg 1024w, https:\/\/swepp.org\/wp-content\/uploads\/2020\/10\/pressfoto-von-freepik-768x512.jpg 768w, https:\/\/swepp.org\/wp-content\/uploads\/2020\/10\/pressfoto-von-freepik-2048x1365.jpg 2048w\" sizes=\"(max-width: 2560px) 100vw, 2560px\" \/>\t\t\t\t\t\t\t\t\t\t\t\t\t\t\t<\/div>\n\t\t\t\t<\/div>\n\t\t\t\t\t<\/div>\n\t\t<\/div>\n\t\t\t\t<div class=\"elementor-column elementor-col-66 elementor-top-column elementor-element elementor-element-98e3d4f\" data-id=\"98e3d4f\" data-element_type=\"column\" data-e-type=\"column\">\n\t\t\t<div class=\"elementor-widget-wrap elementor-element-populated\">\n\t\t\t\t\t\t<div class=\"elementor-element elementor-element-66217ee elementor-widget elementor-widget-text-editor\" data-id=\"66217ee\" data-element_type=\"widget\" data-e-type=\"widget\" data-widget_type=\"text-editor.default\">\n\t\t\t\t<div class=\"elementor-widget-container\">\n\t\t\t\t\t\t\t\t\t<p>Sie haben Fragen zu unseren Leistungen oder sind Kunde bei uns und ben\u00f6tigen Support f\u00fcr eines unserer Produkte?<\/p><p>Wir sind gern f\u00fcr Sie\u00a0<strong>Montag &#8211; Freitag von 08:00 &#8211; 16:00 Uhr<\/strong>\u00a0telefonisch unter der Rufnummer\u00a0<strong>+49 (0) 30 25 32 42 75<\/strong>\u00a0erreichbar.<\/p><p>Sie k\u00f6nnen uns auch rund um die Uhr gern \u00fcber unser Ticket-System kontaktieren. Schreiben Sie dazu bitte einfach eine E-Mail an\u00a0<a href=\"mailto:support@swepp.eu\"><strong>support@swepp.eu<\/strong><\/a>, einer unserer Mitarbeiter wird sich dann umgehend mit Ihnen in Verbindung setzen.<br \/>Von hier k\u00f6nnen Sie TeamViewer herunterladen:<br \/><!-- TeamViewer Logo (generated at https:\/\/www.teamviewer.com) --><\/p><div style=\"position: relative; width: 200px; height: 125px;\"><a style=\"text-decoration: none;\" href=\"https:\/\/www.teamviewer.com\/link\/?url=505374&amp;id=1645543529618\"><br \/><img decoding=\"async\" style=\"display: block; margin-left: auto; margin-right: auto;\" title=\"Remote Support mit TeamViewer\" src=\"https:\/\/static.teamviewer.com\/resources\/badges\/teamviewer_badge_flat2.png\" alt=\"Remote Support mit TeamViewer\" width=\"200\" height=\"125\" border=\"0\" \/><br \/><span style=\"position: absolute; top: 84.5px; left: 5px; display: block; cursor: pointer; color: white; font-family: Arial; font-size: 14px; line-height: 1.2em; font-weight: bold; text-align: center; width: 190px;\"><br \/>Fernzugriff<br \/>mit TeamViewer<br \/><\/span><br \/><\/a><\/div><p>\u00a0<\/p><p>Ihr Support-Team der swepp GmbH<\/p>\t\t\t\t\t\t\t\t<\/div>\n\t\t\t\t<\/div>\n\t\t\t\t\t<\/div>\n\t\t<\/div>\n\t\t\t\t\t<\/div>\n\t\t<\/section>\n\t\t\t\t<\/div>\n\t\t","protected":false},"excerpt":{"rendered":"<p>Sie haben Fragen zu unseren Leistungen oder sind Kunde bei uns und ben\u00f6tigen Support f\u00fcr eines unserer Produkte? Wir sind gern f\u00fcr Sie\u00a0Montag &#8211; Freitag von 08:00 &#8211; 16:00 Uhr\u00a0telefonisch &#8230;<\/p>\n","protected":false},"author":1,"featured_media":0,"parent":0,"menu_order":0,"comment_status":"closed","ping_status":"closed","template":"","meta":{"footnotes":""},"class_list":["post-1525","page","type-page","status-publish","hentry"],"_links":{"self":[{"href":"https:\/\/swepp.org\/leistung\/wp-json\/wp\/v2\/pages\/1525","targetHints":{"allow":["GET"]}}],"collection":[{"href":"https:\/\/swepp.org\/leistung\/wp-json\/wp\/v2\/pages"}],"about":[{"href":"https:\/\/swepp.org\/leistung\/wp-json\/wp\/v2\/types\/page"}],"author":[{"embeddable":true,"href":"https:\/\/swepp.org\/leistung\/wp-json\/wp\/v2\/users\/1"}],"replies":[{"embeddable":true,"href":"https:\/\/swepp.org\/leistung\/wp-json\/wp\/v2\/comments?post=1525"}],"version-history":[{"count":20,"href":"https:\/\/swepp.org\/leistung\/wp-json\/wp\/v2\/pages\/1525\/revisions"}],"predecessor-version":[{"id":1798,"href":"https:\/\/swepp.org\/leistung\/wp-json\/wp\/v2\/pages\/1525\/revisions\/1798"}],"wp:attachment":[{"href":"https:\/\/swepp.org\/leistung\/wp-json\/wp\/v2\/media?parent=1525"}],"curies":[{"name":"wp","href":"https:\/\/api.w.org\/{rel}","templated":true}]}}