{"id":1480,"date":"2020-10-01T15:03:25","date_gmt":"2020-10-01T15:03:25","guid":{"rendered":"https:\/\/swepp.org\/?page_id=1480"},"modified":"2021-11-27T18:37:05","modified_gmt":"2021-11-27T18:37:05","slug":"ueberuns","status":"publish","type":"page","link":"https:\/\/swepp.org\/leistung\/ueberuns\/","title":{"rendered":"swepp GmbH &#8211; System &#038; Web Applications"},"content":{"rendered":"\t\t<div data-elementor-type=\"wp-page\" data-elementor-id=\"1480\" class=\"elementor elementor-1480\" data-elementor-post-type=\"page\">\n\t\t\t\t\t\t<section class=\"elementor-section elementor-top-section elementor-element elementor-element-64a65dd1 elementor-section-boxed elementor-section-height-default elementor-section-height-default\" data-id=\"64a65dd1\" data-element_type=\"section\" data-e-type=\"section\">\n\t\t\t\t\t\t<div class=\"elementor-container elementor-column-gap-default\">\n\t\t\t\t\t<div class=\"elementor-column elementor-col-100 elementor-top-column elementor-element elementor-element-2f310493\" data-id=\"2f310493\" data-element_type=\"column\" data-e-type=\"column\">\n\t\t\t<div class=\"elementor-widget-wrap elementor-element-populated\">\n\t\t\t\t\t\t<div class=\"elementor-element elementor-element-19bda2b9 elementor-widget elementor-widget-text-editor\" data-id=\"19bda2b9\" data-element_type=\"widget\" data-e-type=\"widget\" data-widget_type=\"text-editor.default\">\n\t\t\t\t<div class=\"elementor-widget-container\">\n\t\t\t\t\t\t\t\t\t<p>Die swepp GmbH konzipiert und betreibt f\u00fcr Sie als unabh\u00e4ngiges Technologie- und Beratungsunternehmen interaktive Kommunikationsplattformen, komplexe Datenbankanwendungen und individuelle Softwarel\u00f6sungen.<\/p>\n<p>Unsere ma\u00dfgeschneiderten Applikationen und Datenbankanwendungen fokussieren auf das Wesentliche: die Umsetzung kundenspezifischer Anforderungen, die Integration und Optimierung bestehender Arbeitsabl\u00e4ufe sowie die bedienerfreundliche Nutzung zur Erh\u00f6hung ihrer Effizienz und Rentabilit\u00e4t.<\/p>\n<p>Basis unserer Arbeit ist dabei stets die intensive Analyse, das Erstellen detaillierter Anforderungs- profile, die termingetreue Programmierung, eine umfassende Testphase, die Integration in ihre vorhandene IT-Umgebung sowie die fehlerfreie Implementierung, die intensive Schulung und nachhaltige Betreuung. Unsere innovativen Dialog-Konzepte und komplexen IT-L\u00f6sungen an der Schnittstelle zum Internet begeistern ihre Kunden ebenso wie ihre Mitarbeiter und erschlie\u00dfen neue M\u00e4rkte und Zielgruppen.<\/p>\t\t\t\t\t\t\t\t<\/div>\n\t\t\t\t<\/div>\n\t\t\t\t\t<\/div>\n\t\t<\/div>\n\t\t\t\t\t<\/div>\n\t\t<\/section>\n\t\t\t\t<\/div>\n\t\t","protected":false},"excerpt":{"rendered":"<p>Die swepp GmbH konzipiert und betreibt f\u00fcr Sie als unabh\u00e4ngiges Technologie- und Beratungsunternehmen interaktive Kommunikationsplattformen, komplexe Datenbankanwendungen und individuelle Softwarel\u00f6sungen. Unsere ma\u00dfgeschneiderten Applikationen und Datenbankanwendungen fokussieren auf das Wesentliche: die &#8230;<\/p>\n","protected":false},"author":1,"featured_media":0,"parent":0,"menu_order":0,"comment_status":"closed","ping_status":"closed","template":"","meta":{"footnotes":""},"class_list":["post-1480","page","type-page","status-publish","hentry"],"_links":{"self":[{"href":"https:\/\/swepp.org\/leistung\/wp-json\/wp\/v2\/pages\/1480","targetHints":{"allow":["GET"]}}],"collection":[{"href":"https:\/\/swepp.org\/leistung\/wp-json\/wp\/v2\/pages"}],"about":[{"href":"https:\/\/swepp.org\/leistung\/wp-json\/wp\/v2\/types\/page"}],"author":[{"embeddable":true,"href":"https:\/\/swepp.org\/leistung\/wp-json\/wp\/v2\/users\/1"}],"replies":[{"embeddable":true,"href":"https:\/\/swepp.org\/leistung\/wp-json\/wp\/v2\/comments?post=1480"}],"version-history":[{"count":5,"href":"https:\/\/swepp.org\/leistung\/wp-json\/wp\/v2\/pages\/1480\/revisions"}],"predecessor-version":[{"id":1750,"href":"https:\/\/swepp.org\/leistung\/wp-json\/wp\/v2\/pages\/1480\/revisions\/1750"}],"wp:attachment":[{"href":"https:\/\/swepp.org\/leistung\/wp-json\/wp\/v2\/media?parent=1480"}],"curies":[{"name":"wp","href":"https:\/\/api.w.org\/{rel}","templated":true}]}}